{"id":19,"date":"2018-03-08T13:59:29","date_gmt":"2018-03-08T13:59:29","guid":{"rendered":"http:\/\/www.radioeiffel.com\/?page_id=19"},"modified":"2024-03-23T08:54:46","modified_gmt":"2024-03-23T13:54:46","slug":"nosotros","status":"publish","type":"page","link":"https:\/\/www.radioeiffel.com\/?page_id=19","title":{"rendered":""},"content":{"rendered":"\t\t<div data-elementor-type=\"wp-page\" data-elementor-id=\"19\" class=\"elementor elementor-19\" data-elementor-post-type=\"page\">\n\t\t\t\t<div class=\"elementor-element elementor-element-198972e e-flex e-con-boxed e-con e-parent\" data-id=\"198972e\" data-element_type=\"container\" data-e-type=\"container\" data-settings=\"{&quot;background_background&quot;:&quot;slideshow&quot;,&quot;background_slideshow_gallery&quot;:[{&quot;id&quot;:851,&quot;url&quot;:&quot;https:\\\/\\\/www.radioeiffel.com\\\/wp-content\\\/uploads\\\/2024\\\/03\\\/perillas-batidora-electrica-fila-iluminadas-azul-generadas-ia-01-1-scaled.jpg&quot;}],&quot;background_slideshow_loop&quot;:&quot;yes&quot;,&quot;background_slideshow_slide_duration&quot;:5000,&quot;background_slideshow_slide_transition&quot;:&quot;fade&quot;,&quot;background_slideshow_transition_duration&quot;:500}\">\n\t\t\t\t\t<div class=\"e-con-inner\">\n\t\t<div class=\"elementor-element elementor-element-1b0ca6e e-con-full e-flex e-con e-child\" data-id=\"1b0ca6e\" data-element_type=\"container\" data-e-type=\"container\">\n\t\t\t\t<div class=\"elementor-element elementor-element-15e1fa2 elementor-widget elementor-widget-heading\" data-id=\"15e1fa2\" data-element_type=\"widget\" data-e-type=\"widget\" data-widget_type=\"heading.default\">\n\t\t\t\t<div class=\"elementor-widget-container\">\n\t\t\t\t\t<h2 class=\"elementor-heading-title elementor-size-default\">QUIENES SOMOS<\/h2>\t\t\t\t<\/div>\n\t\t\t\t<\/div>\n\t\t\t\t<\/div>\n\t\t<div class=\"elementor-element elementor-element-6544ecc e-con-full e-flex e-con e-child\" data-id=\"6544ecc\" data-element_type=\"container\" data-e-type=\"container\">\n\t\t\t\t<div class=\"elementor-element elementor-element-fff336d elementor-widget elementor-widget-text-editor\" data-id=\"fff336d\" data-element_type=\"widget\" data-e-type=\"widget\" data-widget_type=\"text-editor.default\">\n\t\t\t\t<div class=\"elementor-widget-container\">\n\t\t\t\t\t\t\t\t\t<p><strong>RADIO EIFFEL S.A.<\/strong>\u00a0 es una instituci\u00f3n de car\u00e1cter Comercial Privada, dedicada a la realizaci\u00f3n de toda clase de actos y la celebraci\u00f3n de toda clase de contratos referentes a las actividades radiales, period\u00edsticas, publicitarias, art\u00edsticas, culturales a partir de su sistema de Radiodifusi\u00f3n Sonora en Frecuencia Modulada Est\u00e9reo denominado EIFFEL SUPER STEREO, cuya matriz opera en la ciudad de Vinces dando servicio a la matriz y ciudades circundantes al interior de la provincia de Los R\u00edos con la frecuencia 90.3 MHz, \u00c1rea de Operaci\u00f3n Independiente FR001.<\/p><p>\u00a0<\/p><p><strong>EIFFEL SUPER STEREO<\/strong>, ofrece a su audiencia una programaci\u00f3n de alta calidad con car\u00e1cter musical, cultural, de entretenimiento, educativo e informativo a los diferentes sectores sociales, manteniendo una l\u00ednea informativa libre, democr\u00e1tica de gran contenido social y solidario, con una programaci\u00f3n \u00e1gil, participativa y totalmente variada.<\/p><p>\u00a0<\/p><p><strong>EIFFEL SUPER STEREO<\/strong> Entrega a la ciudadan\u00eda una programaci\u00f3n diferente, con el respaldo de un equipo humano de trabajadores probados en su profesionalismo y apoyados en una tecnolog\u00eda acorde con las exigencias de la comunicaci\u00f3n de un mundo moderno y cambiante, para que la confianza afincada en los oyentes a su vez garantice la inversi\u00f3n de los auspiciantes con tarifas que reflejan la realidad econ\u00f3mica de la ciudad, la provincia y el pa\u00eds en general.<\/p>\t\t\t\t\t\t\t\t<\/div>\n\t\t\t\t<\/div>\n\t\t\t\t<\/div>\n\t\t\t\t\t<\/div>\n\t\t\t\t<\/div>\n\t\t<div class=\"elementor-element elementor-element-8f875f5 e-flex e-con-boxed e-con e-parent\" data-id=\"8f875f5\" data-element_type=\"container\" data-e-type=\"container\" data-settings=\"{&quot;background_background&quot;:&quot;slideshow&quot;,&quot;background_slideshow_gallery&quot;:[{&quot;id&quot;:537,&quot;url&quot;:&quot;https:\\\/\\\/www.radioeiffel.com\\\/wp-content\\\/uploads\\\/2024\\\/03\\\/RADIO-FONDO-scaled.jpg&quot;}],&quot;background_slideshow_loop&quot;:&quot;yes&quot;,&quot;background_slideshow_slide_duration&quot;:5000,&quot;background_slideshow_slide_transition&quot;:&quot;fade&quot;,&quot;background_slideshow_transition_duration&quot;:500}\">\n\t\t\t\t\t<div class=\"e-con-inner\">\n\t\t<div class=\"elementor-element elementor-element-3354c21 e-con-full e-flex e-con e-child\" data-id=\"3354c21\" data-element_type=\"container\" data-e-type=\"container\">\n\t\t\t\t<\/div>\n\t\t<div class=\"elementor-element elementor-element-598b99c e-con-full e-flex e-con e-child\" data-id=\"598b99c\" data-element_type=\"container\" data-e-type=\"container\">\n\t\t\t\t<div class=\"elementor-element elementor-element-b39f6ba elementor-widget elementor-widget-heading\" data-id=\"b39f6ba\" data-element_type=\"widget\" data-e-type=\"widget\" data-widget_type=\"heading.default\">\n\t\t\t\t<div class=\"elementor-widget-container\">\n\t\t\t\t\t<h2 class=\"elementor-heading-title elementor-size-default\"><br><br>DIRECTIVA<\/h2>\t\t\t\t<\/div>\n\t\t\t\t<\/div>\n\t\t\t\t<\/div>\n\t\t<div class=\"elementor-element elementor-element-8dff2dc e-con-full e-flex e-con e-child\" data-id=\"8dff2dc\" data-element_type=\"container\" data-e-type=\"container\">\n\t\t\t\t<\/div>\n\t\t<div class=\"elementor-element elementor-element-7c71655 e-con-full e-flex e-con e-child\" data-id=\"7c71655\" data-element_type=\"container\" data-e-type=\"container\">\n\t\t\t\t<div class=\"elementor-element elementor-element-c4149d0 elementor-widget elementor-widget-image\" data-id=\"c4149d0\" data-element_type=\"widget\" data-e-type=\"widget\" data-widget_type=\"image.default\">\n\t\t\t\t<div class=\"elementor-widget-container\">\n\t\t\t\t\t\t\t\t\t\t\t\t\t\t\t<img fetchpriority=\"high\" decoding=\"async\" width=\"1024\" height=\"768\" src=\"https:\/\/www.radioeiffel.com\/wp-content\/uploads\/2024\/03\/Tatiana-Elizalde-Peralvo-1-1024x768.png\" class=\"attachment-large size-large wp-image-852\" alt=\"\" srcset=\"https:\/\/www.radioeiffel.com\/wp-content\/uploads\/2024\/03\/Tatiana-Elizalde-Peralvo-1-1024x768.png 1024w, https:\/\/www.radioeiffel.com\/wp-content\/uploads\/2024\/03\/Tatiana-Elizalde-Peralvo-1-300x225.png 300w, https:\/\/www.radioeiffel.com\/wp-content\/uploads\/2024\/03\/Tatiana-Elizalde-Peralvo-1-150x112.png 150w, https:\/\/www.radioeiffel.com\/wp-content\/uploads\/2024\/03\/Tatiana-Elizalde-Peralvo-1-768x576.png 768w, https:\/\/www.radioeiffel.com\/wp-content\/uploads\/2024\/03\/Tatiana-Elizalde-Peralvo-1-1536x1152.png 1536w, https:\/\/www.radioeiffel.com\/wp-content\/uploads\/2024\/03\/Tatiana-Elizalde-Peralvo-1.png 1890w\" sizes=\"(max-width: 1024px) 100vw, 1024px\" \/>\t\t\t\t\t\t\t\t\t\t\t\t\t\t\t<\/div>\n\t\t\t\t<\/div>\n\t\t\t\t<div class=\"elementor-element elementor-element-fe7f4bf elementor-widget elementor-widget-heading\" data-id=\"fe7f4bf\" data-element_type=\"widget\" data-e-type=\"widget\" data-widget_type=\"heading.default\">\n\t\t\t\t<div class=\"elementor-widget-container\">\n\t\t\t\t\t<h2 class=\"elementor-heading-title elementor-size-default\">Presidente<\/h2>\t\t\t\t<\/div>\n\t\t\t\t<\/div>\n\t\t\t\t<div class=\"elementor-element elementor-element-1e65621 elementor-widget elementor-widget-heading\" data-id=\"1e65621\" data-element_type=\"widget\" data-e-type=\"widget\" data-widget_type=\"heading.default\">\n\t\t\t\t<div class=\"elementor-widget-container\">\n\t\t\t\t\t<h2 class=\"elementor-heading-title elementor-size-default\"><br>Tatiana Elizalde Peralvo<\/h2>\t\t\t\t<\/div>\n\t\t\t\t<\/div>\n\t\t\t\t<\/div>\n\t\t<div class=\"elementor-element elementor-element-59c5b55 e-con-full e-flex e-con e-child\" data-id=\"59c5b55\" data-element_type=\"container\" data-e-type=\"container\">\n\t\t\t\t<div class=\"elementor-element elementor-element-662e0a3 elementor-widget elementor-widget-image\" data-id=\"662e0a3\" data-element_type=\"widget\" data-e-type=\"widget\" data-widget_type=\"image.default\">\n\t\t\t\t<div class=\"elementor-widget-container\">\n\t\t\t\t\t\t\t\t\t\t\t\t\t\t\t<img decoding=\"async\" width=\"1024\" height=\"768\" src=\"https:\/\/www.radioeiffel.com\/wp-content\/uploads\/2024\/03\/sara-new-1024x768.png\" class=\"attachment-large size-large wp-image-995\" alt=\"\" srcset=\"https:\/\/www.radioeiffel.com\/wp-content\/uploads\/2024\/03\/sara-new-1024x768.png 1024w, https:\/\/www.radioeiffel.com\/wp-content\/uploads\/2024\/03\/sara-new-300x225.png 300w, https:\/\/www.radioeiffel.com\/wp-content\/uploads\/2024\/03\/sara-new-150x112.png 150w, https:\/\/www.radioeiffel.com\/wp-content\/uploads\/2024\/03\/sara-new-768x576.png 768w, https:\/\/www.radioeiffel.com\/wp-content\/uploads\/2024\/03\/sara-new-1536x1152.png 1536w, https:\/\/www.radioeiffel.com\/wp-content\/uploads\/2024\/03\/sara-new.png 1890w\" sizes=\"(max-width: 1024px) 100vw, 1024px\" \/>\t\t\t\t\t\t\t\t\t\t\t\t\t\t\t<\/div>\n\t\t\t\t<\/div>\n\t\t\t\t<div class=\"elementor-element elementor-element-094bb88 elementor-widget elementor-widget-heading\" data-id=\"094bb88\" data-element_type=\"widget\" data-e-type=\"widget\" data-widget_type=\"heading.default\">\n\t\t\t\t<div class=\"elementor-widget-container\">\n\t\t\t\t\t<h2 class=\"elementor-heading-title elementor-size-default\">Gerente General<\/h2>\t\t\t\t<\/div>\n\t\t\t\t<\/div>\n\t\t\t\t<div class=\"elementor-element elementor-element-005aac7 elementor-widget elementor-widget-heading\" data-id=\"005aac7\" data-element_type=\"widget\" data-e-type=\"widget\" data-widget_type=\"heading.default\">\n\t\t\t\t<div class=\"elementor-widget-container\">\n\t\t\t\t\t<h2 class=\"elementor-heading-title elementor-size-default\"><br>Sara Urgil\u00e9s Vda. De Elizalde<\/h2>\t\t\t\t<\/div>\n\t\t\t\t<\/div>\n\t\t<div class=\"elementor-element elementor-element-1a6d539 e-flex e-con-boxed e-con e-child\" data-id=\"1a6d539\" data-element_type=\"container\" data-e-type=\"container\">\n\t\t\t\t\t<div class=\"e-con-inner\">\n\t\t\t\t\t<\/div>\n\t\t\t\t<\/div>\n\t\t\t\t<\/div>\n\t\t<div class=\"elementor-element elementor-element-aaecf91 e-con-full e-flex e-con e-child\" data-id=\"aaecf91\" data-element_type=\"container\" data-e-type=\"container\">\n\t\t\t\t<div class=\"elementor-element elementor-element-1dc55ae elementor-widget elementor-widget-image\" data-id=\"1dc55ae\" data-element_type=\"widget\" data-e-type=\"widget\" data-widget_type=\"image.default\">\n\t\t\t\t<div class=\"elementor-widget-container\">\n\t\t\t\t\t\t\t\t\t\t\t\t<figure class=\"wp-caption\">\n\t\t\t\t\t\t\t\t\t\t<img decoding=\"async\" width=\"1024\" height=\"768\" src=\"https:\/\/www.radioeiffel.com\/wp-content\/uploads\/2024\/03\/Mitzi-Rivera-Villamar-1024x768.png\" class=\"attachment-large size-large wp-image-856\" alt=\"\" srcset=\"https:\/\/www.radioeiffel.com\/wp-content\/uploads\/2024\/03\/Mitzi-Rivera-Villamar-1024x768.png 1024w, https:\/\/www.radioeiffel.com\/wp-content\/uploads\/2024\/03\/Mitzi-Rivera-Villamar-300x225.png 300w, https:\/\/www.radioeiffel.com\/wp-content\/uploads\/2024\/03\/Mitzi-Rivera-Villamar-150x112.png 150w, https:\/\/www.radioeiffel.com\/wp-content\/uploads\/2024\/03\/Mitzi-Rivera-Villamar-768x576.png 768w, https:\/\/www.radioeiffel.com\/wp-content\/uploads\/2024\/03\/Mitzi-Rivera-Villamar-1536x1152.png 1536w, https:\/\/www.radioeiffel.com\/wp-content\/uploads\/2024\/03\/Mitzi-Rivera-Villamar.png 1890w\" sizes=\"(max-width: 1024px) 100vw, 1024px\" \/>\t\t\t\t\t\t\t\t\t\t\t<figcaption class=\"widget-image-caption wp-caption-text\"><\/figcaption>\n\t\t\t\t\t\t\t\t\t\t<\/figure>\n\t\t\t\t\t\t\t\t\t<\/div>\n\t\t\t\t<\/div>\n\t\t\t\t<div class=\"elementor-element elementor-element-60ee3a8 elementor-widget elementor-widget-heading\" data-id=\"60ee3a8\" data-element_type=\"widget\" data-e-type=\"widget\" data-widget_type=\"heading.default\">\n\t\t\t\t<div class=\"elementor-widget-container\">\n\t\t\t\t\t<h2 class=\"elementor-heading-title elementor-size-default\">Asistente Administrativo<\/h2>\t\t\t\t<\/div>\n\t\t\t\t<\/div>\n\t\t\t\t<div class=\"elementor-element elementor-element-b94f82e elementor-widget elementor-widget-heading\" data-id=\"b94f82e\" data-element_type=\"widget\" data-e-type=\"widget\" data-widget_type=\"heading.default\">\n\t\t\t\t<div class=\"elementor-widget-container\">\n\t\t\t\t\t<h2 class=\"elementor-heading-title elementor-size-default\">Mitzi Rivera Villamar<\/h2>\t\t\t\t<\/div>\n\t\t\t\t<\/div>\n\t\t\t\t<\/div>\n\t\t\t\t\t<\/div>\n\t\t\t\t<\/div>\n\t\t<div class=\"elementor-element elementor-element-98ab3a9 e-flex e-con-boxed e-con e-parent\" data-id=\"98ab3a9\" data-element_type=\"container\" data-e-type=\"container\" data-settings=\"{&quot;background_background&quot;:&quot;slideshow&quot;,&quot;background_slideshow_gallery&quot;:[{&quot;id&quot;:851,&quot;url&quot;:&quot;https:\\\/\\\/www.radioeiffel.com\\\/wp-content\\\/uploads\\\/2024\\\/03\\\/perillas-batidora-electrica-fila-iluminadas-azul-generadas-ia-01-1-scaled.jpg&quot;}],&quot;background_slideshow_loop&quot;:&quot;yes&quot;,&quot;background_slideshow_slide_duration&quot;:5000,&quot;background_slideshow_slide_transition&quot;:&quot;fade&quot;,&quot;background_slideshow_transition_duration&quot;:500}\">\n\t\t\t\t\t<div class=\"e-con-inner\">\n\t\t<div class=\"elementor-element elementor-element-897f824 e-con-full e-flex e-con e-child\" data-id=\"897f824\" data-element_type=\"container\" data-e-type=\"container\">\n\t\t\t\t<div class=\"elementor-element elementor-element-ffcab2d elementor-widget elementor-widget-heading\" data-id=\"ffcab2d\" data-element_type=\"widget\" data-e-type=\"widget\" data-widget_type=\"heading.default\">\n\t\t\t\t<div class=\"elementor-widget-container\">\n\t\t\t\t\t<h2 class=\"elementor-heading-title elementor-size-default\"><br><br><br>Misi\u00f3n:<\/h2>\t\t\t\t<\/div>\n\t\t\t\t<\/div>\n\t\t\t\t<div class=\"elementor-element elementor-element-a9fa833 elementor-widget elementor-widget-text-editor\" data-id=\"a9fa833\" data-element_type=\"widget\" data-e-type=\"widget\" data-widget_type=\"text-editor.default\">\n\t\t\t\t<div class=\"elementor-widget-container\">\n\t\t\t\t\t\t\t\t\t<p>\u00abBrindar a nuestra audiencia programas radiales de calidad que informen, entretengan y enriquezcan sus vidas, promoviendo la inclusi\u00f3n, diversidad cultural y el di\u00e1logo constructivo en nuestra comunidad.\u00bb<\/p><p>\u00a0<\/p><p>\u00a0<\/p>\t\t\t\t\t\t\t\t<\/div>\n\t\t\t\t<\/div>\n\t\t\t\t<\/div>\n\t\t<div class=\"elementor-element elementor-element-9780dd0 e-con-full e-flex e-con e-child\" data-id=\"9780dd0\" data-element_type=\"container\" data-e-type=\"container\">\n\t\t\t\t<div class=\"elementor-element elementor-element-1a3237b elementor-widget elementor-widget-heading\" data-id=\"1a3237b\" data-element_type=\"widget\" data-e-type=\"widget\" data-widget_type=\"heading.default\">\n\t\t\t\t<div class=\"elementor-widget-container\">\n\t\t\t\t\t<h2 class=\"elementor-heading-title elementor-size-default\"><br><br><br>Visi\u00f3n:<\/h2>\t\t\t\t<\/div>\n\t\t\t\t<\/div>\n\t\t\t\t<div class=\"elementor-element elementor-element-f3d85cc elementor-widget elementor-widget-text-editor\" data-id=\"f3d85cc\" data-element_type=\"widget\" data-e-type=\"widget\" data-widget_type=\"text-editor.default\">\n\t\t\t\t<div class=\"elementor-widget-container\">\n\t\t\t\t\t\t\t\t\t<p>\u00abSer la emisora radial l\u00edder en nuestra regi\u00f3n, reconocida por su compromiso con la excelencia en programaci\u00f3n, su impacto positivo en la sociedad y su capacidad para conectar a las personas a trav\u00e9s de la radio.\u00bb<\/p>\t\t\t\t\t\t\t\t<\/div>\n\t\t\t\t<\/div>\n\t\t\t\t<\/div>\n\t\t\t\t\t<\/div>\n\t\t\t\t<\/div>\n\t\t<div class=\"elementor-element elementor-element-f6bc00b e-flex e-con-boxed e-con e-parent\" data-id=\"f6bc00b\" data-element_type=\"container\" data-e-type=\"container\" data-settings=\"{&quot;background_background&quot;:&quot;slideshow&quot;,&quot;background_slideshow_gallery&quot;:[{&quot;id&quot;:532,&quot;url&quot;:&quot;https:\\\/\\\/www.radioeiffel.com\\\/wp-content\\\/uploads\\\/2024\\\/03\\\/FONDO-scaled.jpg&quot;}],&quot;background_slideshow_loop&quot;:&quot;yes&quot;,&quot;background_slideshow_slide_duration&quot;:5000,&quot;background_slideshow_slide_transition&quot;:&quot;fade&quot;,&quot;background_slideshow_transition_duration&quot;:500}\">\n\t\t\t\t\t<div class=\"e-con-inner\">\n\t\t<div class=\"elementor-element elementor-element-b8bb6f1 e-con-full e-flex e-con e-child\" data-id=\"b8bb6f1\" data-element_type=\"container\" data-e-type=\"container\">\n\t\t\t\t<div class=\"elementor-element elementor-element-edce4d4 elementor-widget elementor-widget-heading\" data-id=\"edce4d4\" data-element_type=\"widget\" data-e-type=\"widget\" data-widget_type=\"heading.default\">\n\t\t\t\t<div class=\"elementor-widget-container\">\n\t\t\t\t\t<h2 class=\"elementor-heading-title elementor-size-default\"><br><br>Objetivos<\/h2>\t\t\t\t<\/div>\n\t\t\t\t<\/div>\n\t\t\t\t<div class=\"elementor-element elementor-element-c85316a elementor-widget elementor-widget-text-editor\" data-id=\"c85316a\" data-element_type=\"widget\" data-e-type=\"widget\" data-widget_type=\"text-editor.default\">\n\t\t\t\t<div class=\"elementor-widget-container\">\n\t\t\t\t\t\t\t\t\t<ul>\n<li>Brindar entretenimiento de calidad a la audiencia.<\/li>\n<li>Mantener a los oyentes informados sobre noticias locales, nacionales e internacionales.<\/li>\n<li>Promover la cultura y la diversidad a trav\u00e9s de programas variados.<\/li>\n<li>Apoyar a la comunidad mediante campa\u00f1as de concientizaci\u00f3n y eventos ben\u00e9ficos.<\/li>\n<li>Ofrecer espacios publicitarios efectivos para promover productos y servicios.<\/li>\n<\/ul><div><br><\/div><div><br><\/div>\t\t\t\t\t\t\t\t<\/div>\n\t\t\t\t<\/div>\n\t\t\t\t<\/div>\n\t\t<div class=\"elementor-element elementor-element-f38ce37 e-con-full e-flex e-con e-child\" data-id=\"f38ce37\" data-element_type=\"container\" data-e-type=\"container\">\n\t\t\t\t<div class=\"elementor-element elementor-element-ed9bdac elementor-widget elementor-widget-heading\" data-id=\"ed9bdac\" data-element_type=\"widget\" data-e-type=\"widget\" data-widget_type=\"heading.default\">\n\t\t\t\t<div class=\"elementor-widget-container\">\n\t\t\t\t\t<h2 class=\"elementor-heading-title elementor-size-default\"><br><br>Valores<\/h2>\t\t\t\t<\/div>\n\t\t\t\t<\/div>\n\t\t\t\t<div class=\"elementor-element elementor-element-6a5a9e4 elementor-widget elementor-widget-text-editor\" data-id=\"6a5a9e4\" data-element_type=\"widget\" data-e-type=\"widget\" data-widget_type=\"text-editor.default\">\n\t\t\t\t<div class=\"elementor-widget-container\">\n\t\t\t\t\t\t\t\t\t<ul><li>\u00c9tica<\/li><li>Seriedad<\/li><li>Honestidad<\/li><li>Trabajo en equipo<\/li><\/ul>\t\t\t\t\t\t\t\t<\/div>\n\t\t\t\t<\/div>\n\t\t\t\t<\/div>\n\t\t\t\t\t<\/div>\n\t\t\t\t<\/div>\n\t\t\t\t<\/div>\n\t\t","protected":false},"excerpt":{"rendered":"<p>QUIENES SOMOS RADIO EIFFEL S.A.\u00a0 es una instituci\u00f3n de car\u00e1cter Comercial Privada, dedicada a la realizaci\u00f3n de toda clase de actos y la celebraci\u00f3n de toda clase de contratos referentes&hellip;<\/p>\n<div class=\"pvc_clear\"><\/div>\n<p id=\"pvc_stats_19\" class=\"pvc_stats all  \" data-element-id=\"19\" style=\"\"><i class=\"pvc-stats-icon small\" aria-hidden=\"true\"><svg aria-hidden=\"true\" focusable=\"false\" data-prefix=\"far\" data-icon=\"chart-bar\" role=\"img\" xmlns=\"http:\/\/www.w3.org\/2000\/svg\" viewBox=\"0 0 512 512\" class=\"svg-inline--fa fa-chart-bar fa-w-16 fa-2x\"><path fill=\"currentColor\" d=\"M396.8 352h22.4c6.4 0 12.8-6.4 12.8-12.8V108.8c0-6.4-6.4-12.8-12.8-12.8h-22.4c-6.4 0-12.8 6.4-12.8 12.8v230.4c0 6.4 6.4 12.8 12.8 12.8zm-192 0h22.4c6.4 0 12.8-6.4 12.8-12.8V140.8c0-6.4-6.4-12.8-12.8-12.8h-22.4c-6.4 0-12.8 6.4-12.8 12.8v198.4c0 6.4 6.4 12.8 12.8 12.8zm96 0h22.4c6.4 0 12.8-6.4 12.8-12.8V204.8c0-6.4-6.4-12.8-12.8-12.8h-22.4c-6.4 0-12.8 6.4-12.8 12.8v134.4c0 6.4 6.4 12.8 12.8 12.8zM496 400H48V80c0-8.84-7.16-16-16-16H16C7.16 64 0 71.16 0 80v336c0 17.67 14.33 32 32 32h464c8.84 0 16-7.16 16-16v-16c0-8.84-7.16-16-16-16zm-387.2-48h22.4c6.4 0 12.8-6.4 12.8-12.8v-70.4c0-6.4-6.4-12.8-12.8-12.8h-22.4c-6.4 0-12.8 6.4-12.8 12.8v70.4c0 6.4 6.4 12.8 12.8 12.8z\" class=\"\"><\/path><\/svg><\/i> <img loading=\"lazy\" decoding=\"async\" width=\"16\" height=\"16\" alt=\"Loading\" src=\"https:\/\/www.radioeiffel.com\/wp-content\/plugins\/page-views-count\/ajax-loader-2x.gif\" border=0 \/><\/p>\n<div class=\"pvc_clear\"><\/div>\n","protected":false},"author":1,"featured_media":0,"parent":0,"menu_order":0,"comment_status":"closed","ping_status":"closed","template":"","meta":{"_joinchat":[],"footnotes":""},"class_list":["post-19","page","type-page","status-publish","hentry"],"_links":{"self":[{"href":"https:\/\/www.radioeiffel.com\/index.php?rest_route=\/wp\/v2\/pages\/19"}],"collection":[{"href":"https:\/\/www.radioeiffel.com\/index.php?rest_route=\/wp\/v2\/pages"}],"about":[{"href":"https:\/\/www.radioeiffel.com\/index.php?rest_route=\/wp\/v2\/types\/page"}],"author":[{"embeddable":true,"href":"https:\/\/www.radioeiffel.com\/index.php?rest_route=\/wp\/v2\/users\/1"}],"replies":[{"embeddable":true,"href":"https:\/\/www.radioeiffel.com\/index.php?rest_route=%2Fwp%2Fv2%2Fcomments&post=19"}],"version-history":[{"count":162,"href":"https:\/\/www.radioeiffel.com\/index.php?rest_route=\/wp\/v2\/pages\/19\/revisions"}],"predecessor-version":[{"id":1252,"href":"https:\/\/www.radioeiffel.com\/index.php?rest_route=\/wp\/v2\/pages\/19\/revisions\/1252"}],"wp:attachment":[{"href":"https:\/\/www.radioeiffel.com\/index.php?rest_route=%2Fwp%2Fv2%2Fmedia&parent=19"}],"curies":[{"name":"wp","href":"https:\/\/api.w.org\/{rel}","templated":true}]}}